{"id":144,"date":"2010-05-31T12:49:53","date_gmt":"2010-05-31T10:49:53","guid":{"rendered":"http:\/\/bip.mzo.com.pl\/?page_id=144"},"modified":"2025-01-22T14:41:32","modified_gmt":"2025-01-22T13:41:32","slug":"przedmiot-dzialalnosci","status":"publish","type":"page","link":"https:\/\/bip.mzo.com.pl\/?page_id=144","title":{"rendered":"Przedmiot dzia\u0142alno\u015bci"},"content":{"rendered":"<p><u><strong>Przedmiot dzia\u0142alno\u015bci sp\u00f3\u0142ki<\/strong><\/u><\/p>\n<table border=\"0\" width=\"693\" cellspacing=\"0\" cellpadding=\"0\">\n<tbody>\n<tr>\n<td width=\"10%\">I<\/td>\n<td width=\"70%\">Zbieranie odpad\u00f3w innych ni\u017c niebezpieczne<\/td>\n<td width=\"20%\">PKD 38.11.Z<\/td>\n<\/tr>\n<tr>\n<td>II<\/td>\n<td>Zbieranie odpad\u00f3w niebezpiecznych<\/td>\n<td>PKD 38.12.Z<\/td>\n<\/tr>\n<tr>\n<td>III<\/td>\n<td>Obr\u00f3bka i usuwanie odpad\u00f3w innych ni\u017c niebezpieczne<\/td>\n<td>PKD 38.21.Z<\/td>\n<\/tr>\n<tr>\n<td>IV<\/td>\n<td>Przetwarzanie i unieszkodliwianie odpad\u00f3w niebezpiecznych<\/td>\n<td>PKD 38.22.Z<\/td>\n<\/tr>\n<tr>\n<td>V<\/td>\n<td>Demonta\u017c wyrob\u00f3w zu\u017cytych<\/td>\n<td>PKD 38.31.Z<\/td>\n<\/tr>\n<tr>\n<td>VI<\/td>\n<td>Odzysk surowc\u00f3w z materia\u0142\u00f3w segregowanych<\/td>\n<td>PKD 38.32.Z<\/td>\n<\/tr>\n<tr>\n<td>VII<\/td>\n<td>Dzia\u0142alno\u015b\u0107 zwi\u0105zana z rekultywacj\u0105 i pozosta\u0142a dzia\u0142alno\u015b\u0107 us\u0142ugowa zwi\u0105zana z gospodark\u0105 odpadami<\/td>\n<td>PKD 39.00.Z<\/td>\n<\/tr>\n<tr>\n<td>VIII<\/td>\n<td>Produkcja pojemnik\u00f3w metalowych<\/td>\n<td>PKD 25.91.Z<\/td>\n<\/tr>\n<tr>\n<td>IX<\/td>\n<td>Wydobywanie \u017cwiru i piasku; wydobywanie gliny i kaolinu<\/td>\n<td>PKD 08.12.Z<\/td>\n<\/tr>\n<tr>\n<td>X<\/td>\n<td>Konserwacja i naprawa pojazd\u00f3w samochodowych, z wy\u0142\u0105czeniem motocykli<\/td>\n<td>PKD 45.20.Z<\/td>\n<\/tr>\n<tr>\n<td>XI<\/td>\n<td>Sprzeda\u017c hurtowa paliw i produkt\u00f3w pochodnych<\/td>\n<td>PKD 46.71.Z<\/td>\n<\/tr>\n<tr>\n<td>XII<\/td>\n<td>Sprzeda\u017c hurtowa odpad\u00f3w i z\u0142omu<\/td>\n<td>PKD 46.77 Z<\/td>\n<\/tr>\n<tr>\n<td>XIII<\/td>\n<td>Pozosta\u0142a dzia\u0142alno\u015b\u0107 zwi\u0105zana z udost\u0119pnianiem pracownik\u00f3w<\/td>\n<td>PKD 78.30.Z<\/td>\n<\/tr>\n<tr>\n<td>XIV<\/td>\n<td>Sprzeda\u017c hurtowa wyrob\u00f3w tekstylnych<\/td>\n<td>PKD 46.41 Z<\/td>\n<\/tr>\n<tr>\n<td>XV<\/td>\n<td>Sprzeda\u017c hurtowa odzie\u017cy i obuwia<\/td>\n<td>PKD 46.42 Z<\/td>\n<\/tr>\n<\/tbody>\n<\/table>\n","protected":false},"excerpt":{"rendered":"<p>Przedmiot dzia\u0142alno\u015bci sp\u00f3\u0142ki I Zbieranie odpad\u00f3w innych ni\u017c niebezpieczne PKD 38.11.Z II Zbieranie odpad\u00f3w niebezpiecznych PKD 38.12.Z III Obr\u00f3bka i usuwanie odpad\u00f3w innych ni\u017c niebezpieczne PKD 38.21.Z IV Przetwarzanie i unieszkodliwianie odpad\u00f3w niebezpiecznych PKD 38.22.Z V Demonta\u017c wyrob\u00f3w zu\u017cytych PKD 38.31.Z VI Odzysk surowc\u00f3w z materia\u0142\u00f3w segregowanych PKD 38.32.Z VII Dzia\u0142alno\u015b\u0107 zwi\u0105zana z rekultywacj\u0105 i &hellip; <a href=\"https:\/\/bip.mzo.com.pl\/?page_id=144\" class=\"more-link\">Czytaj dalej <span class=\"screen-reader-text\">Przedmiot dzia\u0142alno\u015bci<\/span><\/a><\/p>\n","protected":false},"author":1,"featured_media":0,"parent":174,"menu_order":0,"comment_status":"closed","ping_status":"closed","template":"","meta":{"footnotes":""},"class_list":["post-144","page","type-page","status-publish","hentry"],"_links":{"self":[{"href":"https:\/\/bip.mzo.com.pl\/index.php?rest_route=\/wp\/v2\/pages\/144","targetHints":{"allow":["GET"]}}],"collection":[{"href":"https:\/\/bip.mzo.com.pl\/index.php?rest_route=\/wp\/v2\/pages"}],"about":[{"href":"https:\/\/bip.mzo.com.pl\/index.php?rest_route=\/wp\/v2\/types\/page"}],"author":[{"embeddable":true,"href":"https:\/\/bip.mzo.com.pl\/index.php?rest_route=\/wp\/v2\/users\/1"}],"replies":[{"embeddable":true,"href":"https:\/\/bip.mzo.com.pl\/index.php?rest_route=%2Fwp%2Fv2%2Fcomments&post=144"}],"version-history":[{"count":11,"href":"https:\/\/bip.mzo.com.pl\/index.php?rest_route=\/wp\/v2\/pages\/144\/revisions"}],"predecessor-version":[{"id":627,"href":"https:\/\/bip.mzo.com.pl\/index.php?rest_route=\/wp\/v2\/pages\/144\/revisions\/627"}],"up":[{"embeddable":true,"href":"https:\/\/bip.mzo.com.pl\/index.php?rest_route=\/wp\/v2\/pages\/174"}],"wp:attachment":[{"href":"https:\/\/bip.mzo.com.pl\/index.php?rest_route=%2Fwp%2Fv2%2Fmedia&parent=144"}],"curies":[{"name":"wp","href":"https:\/\/api.w.org\/{rel}","templated":true}]}}