{"id":213,"date":"2011-05-23T09:57:35","date_gmt":"2011-05-23T07:57:35","guid":{"rendered":"http:\/\/bip.mzo.com.pl\/?page_id=213"},"modified":"2026-02-04T20:30:50","modified_gmt":"2026-02-04T19:30:50","slug":"dokumenty-spolki","status":"publish","type":"page","link":"https:\/\/bip.mzo.com.pl\/?page_id=213","title":{"rendered":"Dokumenty sp\u00f3\u0142ki"},"content":{"rendered":"<p>&nbsp;<\/p>\n<table style=\"width: 100%; height: 140px;\" width=\"100%\">\n<tbody>\n<tr style=\"height: 28px;\">\n<td style=\"height: 28px;\" width=\"6%\"><a href=\"https:\/\/bip.mzo.com.pl\/wp-content\/uploads\/2020\/02\/regwza.pdf\"><img loading=\"lazy\" decoding=\"async\" class=\"alignnone size-full wp-image-214\" src=\"https:\/\/bip.mzo.com.pl\/wp-content\/uploads\/2018\/08\/ipdfm.jpg\" alt=\"\" width=\"25\" height=\"25\" \/><\/a><\/td>\n<td style=\"height: 28px;\" width=\"90%\"><a href=\"https:\/\/bip.mzo.com.pl\/wp-content\/uploads\/2026\/02\/Regulasmin-WZA.pdf\"><strong>Regulamin Walnego Zgromadzenia<\/strong><\/a><\/td>\n<\/tr>\n<tr style=\"height: 28px;\">\n<td style=\"height: 28px;\"><a href=\"https:\/\/bip.mzo.com.pl\/wp-content\/uploads\/2022\/05\/Regulanim-Rady-Nadzorczej-po-zmianach.pdf\"><img loading=\"lazy\" decoding=\"async\" class=\"alignnone size-full wp-image-214\" src=\"https:\/\/bip.mzo.com.pl\/wp-content\/uploads\/2018\/08\/ipdfm.jpg\" alt=\"\" width=\"25\" height=\"25\" \/><\/a><\/td>\n<td style=\"height: 28px;\"><a href=\"https:\/\/bip.mzo.com.pl\/wp-content\/uploads\/2022\/05\/Regulanim-Rady-Nadzorczej-po-zmianach.pdf\"><strong>Regulamin Rady Nadzorcze<\/strong>j<\/a><\/td>\n<\/tr>\n<tr style=\"height: 28px;\">\n<td style=\"height: 28px;\"><a href=\"https:\/\/bip.mzo.com.pl\/wp-content\/uploads\/2019\/10\/Regulamin-Zarz\u0105du.pdf\"><img loading=\"lazy\" decoding=\"async\" class=\"alignnone size-full wp-image-214\" src=\"https:\/\/bip.mzo.com.pl\/wp-content\/uploads\/2018\/08\/ipdfm.jpg\" alt=\"\" width=\"25\" height=\"25\" \/><\/a><\/td>\n<td style=\"height: 28px;\"><a href=\"https:\/\/bip.mzo.com.pl\/wp-content\/uploads\/2019\/10\/Regulamin-Zarz\u0105du.pdf\"><strong>Regulamin Zarz\u0105du<\/strong><\/a><\/td>\n<\/tr>\n<tr style=\"height: 28px;\">\n<td style=\"height: 28px;\"><a href=\"https:\/\/bip.mzo.com.pl\/wp-content\/uploads\/2020\/02\/statut.pdf\"><img loading=\"lazy\" decoding=\"async\" class=\"alignnone size-full wp-image-214\" src=\"https:\/\/bip.mzo.com.pl\/wp-content\/uploads\/2018\/08\/ipdfm.jpg\" alt=\"\" width=\"25\" height=\"25\" \/><\/a><\/td>\n<td style=\"height: 28px;\"><a href=\"https:\/\/bip.mzo.com.pl\/wp-content\/uploads\/2026\/02\/Statut-aktualny-skan.pdf\"><strong>Statut Sp\u00f3\u0142ki<\/strong><\/a><\/td>\n<\/tr>\n<tr style=\"height: 28px;\">\n<td style=\"height: 28px;\"><a href=\"https:\/\/bip.mzo.com.pl\/wp-content\/uploads\/2024\/12\/regulamin-swiadczenia-uslug-na-PSZOK-od-01-2025.pdf\"><img loading=\"lazy\" decoding=\"async\" class=\"alignnone size-full wp-image-214\" src=\"https:\/\/bip.mzo.com.pl\/wp-content\/uploads\/2018\/08\/ipdfm.jpg\" alt=\"\" width=\"25\" height=\"25\" \/><\/a><\/td>\n<td style=\"height: 28px;\"><a href=\"https:\/\/bip.mzo.com.pl\/wp-content\/uploads\/2024\/12\/regulamin-swiadczenia-uslug-na-PSZOK-od-01-2025.pdf\"><strong>Regulamin \u015bwiadczenia us\u0142ug sp\u00f3\u0142ki<\/strong><\/a><\/td>\n<\/tr>\n<\/tbody>\n<\/table>\n<p>&nbsp;<\/p>\n<p><strong>Sprawozdania Finansowe\u00a0&#8211;\u00a0<\/strong>s\u0105 publikowane w Dziennikach Urz\u0119dowych RP\u00a0\u00a0 &#8211;\u00a0\u00a0 MONITOR\u00a0POLSKI\u00a0\u00a0B<\/p>\n<p>Ca\u0142o\u015b\u0107 dost\u0119pna jest na: <a href=\"https:\/\/ekrs.ms.gov.pl\/rdf\/pd\/search_df\">https:\/\/ekrs.ms.gov.pl\/rdf\/pd\/search_df<\/a><br \/>\nnr KRS 0000020645.<\/p>\n","protected":false},"excerpt":{"rendered":"<p>&nbsp; Regulamin Walnego Zgromadzenia Regulamin Rady Nadzorczej Regulamin Zarz\u0105du Statut Sp\u00f3\u0142ki Regulamin \u015bwiadczenia us\u0142ug sp\u00f3\u0142ki &nbsp; Sprawozdania Finansowe\u00a0&#8211;\u00a0s\u0105 publikowane w Dziennikach Urz\u0119dowych RP\u00a0\u00a0 &#8211;\u00a0\u00a0 MONITOR\u00a0POLSKI\u00a0\u00a0B Ca\u0142o\u015b\u0107 dost\u0119pna jest na: https:\/\/ekrs.ms.gov.pl\/rdf\/pd\/search_df nr KRS 0000020645.<\/p>\n","protected":false},"author":1,"featured_media":0,"parent":174,"menu_order":0,"comment_status":"closed","ping_status":"closed","template":"","meta":{"footnotes":""},"class_list":["post-213","page","type-page","status-publish","hentry"],"_links":{"self":[{"href":"https:\/\/bip.mzo.com.pl\/index.php?rest_route=\/wp\/v2\/pages\/213","targetHints":{"allow":["GET"]}}],"collection":[{"href":"https:\/\/bip.mzo.com.pl\/index.php?rest_route=\/wp\/v2\/pages"}],"about":[{"href":"https:\/\/bip.mzo.com.pl\/index.php?rest_route=\/wp\/v2\/types\/page"}],"author":[{"embeddable":true,"href":"https:\/\/bip.mzo.com.pl\/index.php?rest_route=\/wp\/v2\/users\/1"}],"replies":[{"embeddable":true,"href":"https:\/\/bip.mzo.com.pl\/index.php?rest_route=%2Fwp%2Fv2%2Fcomments&post=213"}],"version-history":[{"count":39,"href":"https:\/\/bip.mzo.com.pl\/index.php?rest_route=\/wp\/v2\/pages\/213\/revisions"}],"predecessor-version":[{"id":647,"href":"https:\/\/bip.mzo.com.pl\/index.php?rest_route=\/wp\/v2\/pages\/213\/revisions\/647"}],"up":[{"embeddable":true,"href":"https:\/\/bip.mzo.com.pl\/index.php?rest_route=\/wp\/v2\/pages\/174"}],"wp:attachment":[{"href":"https:\/\/bip.mzo.com.pl\/index.php?rest_route=%2Fwp%2Fv2%2Fmedia&parent=213"}],"curies":[{"name":"wp","href":"https:\/\/api.w.org\/{rel}","templated":true}]}}