{"id":410,"date":"2018-08-24T20:30:53","date_gmt":"2018-08-24T18:30:53","guid":{"rendered":"http:\/\/bip.mzo.com.pl\/?page_id=410"},"modified":"2019-02-11T14:00:15","modified_gmt":"2019-02-11T13:00:15","slug":"instrukcja-obslugi","status":"publish","type":"page","link":"https:\/\/bip.mzo.com.pl\/?page_id=410","title":{"rendered":"Instrukcja obs\u0142ugi"},"content":{"rendered":"<p>Biuletyn Informacji Publicznej Miejskiego Zak\u0142adu Oczyszczania S.A. zosta\u0142 specjalnie stworzony, aby u\u0142atwi\u0107 Pa\u0144stwu dost\u0119p do informacji na temat naszej Sp\u00f3\u0142ki.<\/p>\n<p>Po lewej stronie znajduje si\u0119 menu podmiotowe, kt\u00f3re umo\u017cliwia \u0142atwy dost\u0119p do interesuj\u0105cych Pa\u0144stwa informacji. Menu podzielono na kilka dzia\u0142\u00f3w tematycznych, zwi\u0105zanych z udost\u0119pnianymi informacjami. Aby uzyska\u0107 szczeg\u00f3\u0142owe informacje na wybrany temat, nale\u017cy ustawi\u0107 za pomoc\u0105 myszy kursor na dan\u0105 pozycj\u0119 menu i klikn\u0105\u0107 lewym przyciskiem myszy.<\/p>\n<p>W menu tym opr\u00f3cz odno\u015bnik\u00f3w do informacji o Sp\u00f3\u0142ce, znajduj\u0105 si\u0119 nast\u0119puj\u0105ce odno\u015bniki:<\/p>\n<ul>\n<li>Redakcja \u2013 kontakt do os\u00f3b tworz\u0105cych i zamieszczaj\u0105cych informacje w BIP<\/li>\n<li>Pomoc \u2013 instrukcja obs\u0142ugi i zasady korzystania z biuletynu, w kt\u00f3rym obecnie si\u0119 znajdujemy;<\/li>\n<li>Biuletyn Informacji Publicznej \u2013 link przekierowuj\u0105cy na stron\u0119 BIP prowadzon\u0105 przez MSWiA. Ten sam efekt uzyskaj\u0105 pa\u0144stwo klikaj\u0105c lewym przyciskiem myszy na logo BIP umieszczone w lewym g\u00f3rnym naro\u017cniku strony. Na tej stronie (<a href=\"http:\/\/www.bip.gov.pl\/\">http:\/\/www.bip.gov.pl<\/a>) opublikowano wszystkie wiadomo\u015bci o zadaniach, jakie ma spe\u0142nia\u0107 Biuletyn Informacji Publicznej, oraz o aktach prawnych, na podstawie kt\u00f3rych funkcjonuje;<\/li>\n<\/ul>\n<p>W g\u00f3rnej cz\u0119\u015bci po prawej stronie znajduje si\u0119 nag\u0142\u00f3wek z logo Regionalnego Zak\u0142adu Zagospodarowania Odpad\u00f3w Sp. z o.o. Klikaj\u0105c na nie myszk\u0105, wejd\u0105 Pa\u0144stwo na stron\u0119 internetow\u0105 Regionalnego Zak\u0142adu Zagospodarowania Odpad\u00f3w Sp. z o.o., kt\u00f3ra znajduje si\u0119 pod adresem:\u00a0<a href=\"http:\/\/www.mzo.com.pl\/\">www.mzo.com.pl<\/a><\/p>\n","protected":false},"excerpt":{"rendered":"<p>Biuletyn Informacji Publicznej Miejskiego Zak\u0142adu Oczyszczania S.A. zosta\u0142 specjalnie stworzony, aby u\u0142atwi\u0107 Pa\u0144stwu dost\u0119p do informacji na temat naszej Sp\u00f3\u0142ki. Po lewej stronie znajduje si\u0119 menu podmiotowe, kt\u00f3re umo\u017cliwia \u0142atwy dost\u0119p do interesuj\u0105cych Pa\u0144stwa informacji. Menu podzielono na kilka dzia\u0142\u00f3w tematycznych, zwi\u0105zanych z udost\u0119pnianymi informacjami. Aby uzyska\u0107 szczeg\u00f3\u0142owe informacje na wybrany temat, nale\u017cy ustawi\u0107 za &hellip; <a href=\"https:\/\/bip.mzo.com.pl\/?page_id=410\" class=\"more-link\">Czytaj dalej <span class=\"screen-reader-text\">Instrukcja obs\u0142ugi<\/span><\/a><\/p>\n","protected":false},"author":1,"featured_media":0,"parent":0,"menu_order":0,"comment_status":"closed","ping_status":"closed","template":"","meta":{"footnotes":""},"class_list":["post-410","page","type-page","status-publish","hentry"],"_links":{"self":[{"href":"https:\/\/bip.mzo.com.pl\/index.php?rest_route=\/wp\/v2\/pages\/410","targetHints":{"allow":["GET"]}}],"collection":[{"href":"https:\/\/bip.mzo.com.pl\/index.php?rest_route=\/wp\/v2\/pages"}],"about":[{"href":"https:\/\/bip.mzo.com.pl\/index.php?rest_route=\/wp\/v2\/types\/page"}],"author":[{"embeddable":true,"href":"https:\/\/bip.mzo.com.pl\/index.php?rest_route=\/wp\/v2\/users\/1"}],"replies":[{"embeddable":true,"href":"https:\/\/bip.mzo.com.pl\/index.php?rest_route=%2Fwp%2Fv2%2Fcomments&post=410"}],"version-history":[{"count":6,"href":"https:\/\/bip.mzo.com.pl\/index.php?rest_route=\/wp\/v2\/pages\/410\/revisions"}],"predecessor-version":[{"id":524,"href":"https:\/\/bip.mzo.com.pl\/index.php?rest_route=\/wp\/v2\/pages\/410\/revisions\/524"}],"wp:attachment":[{"href":"https:\/\/bip.mzo.com.pl\/index.php?rest_route=%2Fwp%2Fv2%2Fmedia&parent=410"}],"curies":[{"name":"wp","href":"https:\/\/api.w.org\/{rel}","templated":true}]}}