{"id":441,"date":"2015-05-18T22:35:31","date_gmt":"2015-05-18T20:35:31","guid":{"rendered":"http:\/\/bip.mzo.com.pl\/?page_id=441"},"modified":"2026-02-10T10:08:38","modified_gmt":"2026-02-10T09:08:38","slug":"wladze-spolki","status":"publish","type":"page","link":"https:\/\/bip.mzo.com.pl\/?page_id=441","title":{"rendered":"W\u0142adze sp\u00f3\u0142ki"},"content":{"rendered":"<p><span style=\"text-decoration: underline;\"><strong>Walne Zgromadzenie Akcjonariuszy.<\/strong><\/span><\/p>\n<hr \/>\n<p><span style=\"text-decoration: underline;\"><strong>Rada nadzorcza:<\/strong><\/span><\/p>\n<p style=\"padding-left: 30px;\"><strong>Przewodnicz\u0105cy Rady Nadzorczej:<\/strong> Karolina Adam Gu\u017cdzio\u0142.<br \/>\n<strong>Wice Przewodnicz\u0105cy Rady Nadzorczej:<\/strong> Marcin Cieloszyk.<br \/>\n<strong>Cz\u0142onek Rady Nadzorczej:<\/strong> Wojciech Lignowski.<br \/>\n<strong>Cz\u0142onek Rady Nadzorczej:<\/strong> Robert \u015aliwi\u0144ski.<br \/>\n<strong>Cz\u0142onek Rady Nadzorczej:<\/strong> Ewa Brzozowska.<\/p>\n<p>&nbsp;<\/p>\n<hr \/>\n<p><span style=\"text-decoration: underline;\"><strong>Zarz\u0105d:<\/strong><\/span><\/p>\n<p style=\"padding-left: 30px;\"><strong>Prezes:<\/strong> Andrzej Strykowski.<br \/>\n<strong>Cz\u0142onek Zarz\u0105du:<\/strong> Rafa\u0142 Pietrzykowski.<br \/>\n<strong>Prokurent:<\/strong> Anna Serbakowska.<br \/>\n<strong>Prokurent:<\/strong> Romuald No\u017cy\u0144ski.<\/p>\n","protected":false},"excerpt":{"rendered":"<p>Walne Zgromadzenie Akcjonariuszy. Rada nadzorcza: Przewodnicz\u0105cy Rady Nadzorczej: Karolina Adam Gu\u017cdzio\u0142. Wice Przewodnicz\u0105cy Rady Nadzorczej: Marcin Cieloszyk. Cz\u0142onek Rady Nadzorczej: Wojciech Lignowski. Cz\u0142onek Rady Nadzorczej: Robert \u015aliwi\u0144ski. Cz\u0142onek Rady Nadzorczej: Ewa Brzozowska. &nbsp; Zarz\u0105d: Prezes: Andrzej Strykowski. Cz\u0142onek Zarz\u0105du: Rafa\u0142 Pietrzykowski. Prokurent: Anna Serbakowska. Prokurent: Romuald No\u017cy\u0144ski.<\/p>\n","protected":false},"author":1,"featured_media":0,"parent":174,"menu_order":0,"comment_status":"closed","ping_status":"closed","template":"","meta":{"footnotes":""},"class_list":["post-441","page","type-page","status-publish","hentry"],"_links":{"self":[{"href":"https:\/\/bip.mzo.com.pl\/index.php?rest_route=\/wp\/v2\/pages\/441","targetHints":{"allow":["GET"]}}],"collection":[{"href":"https:\/\/bip.mzo.com.pl\/index.php?rest_route=\/wp\/v2\/pages"}],"about":[{"href":"https:\/\/bip.mzo.com.pl\/index.php?rest_route=\/wp\/v2\/types\/page"}],"author":[{"embeddable":true,"href":"https:\/\/bip.mzo.com.pl\/index.php?rest_route=\/wp\/v2\/users\/1"}],"replies":[{"embeddable":true,"href":"https:\/\/bip.mzo.com.pl\/index.php?rest_route=%2Fwp%2Fv2%2Fcomments&post=441"}],"version-history":[{"count":21,"href":"https:\/\/bip.mzo.com.pl\/index.php?rest_route=\/wp\/v2\/pages\/441\/revisions"}],"predecessor-version":[{"id":648,"href":"https:\/\/bip.mzo.com.pl\/index.php?rest_route=\/wp\/v2\/pages\/441\/revisions\/648"}],"up":[{"embeddable":true,"href":"https:\/\/bip.mzo.com.pl\/index.php?rest_route=\/wp\/v2\/pages\/174"}],"wp:attachment":[{"href":"https:\/\/bip.mzo.com.pl\/index.php?rest_route=%2Fwp%2Fv2%2Fmedia&parent=441"}],"curies":[{"name":"wp","href":"https:\/\/api.w.org\/{rel}","templated":true}]}}