{"id":472,"date":"2018-09-04T23:23:10","date_gmt":"2018-09-04T21:23:10","guid":{"rendered":"http:\/\/bip.mzo.com.pl\/?page_id=472"},"modified":"2018-09-04T23:26:39","modified_gmt":"2018-09-04T21:26:39","slug":"informacje-nieudostepnione-w-bip-2","status":"publish","type":"page","link":"https:\/\/bip.mzo.com.pl\/?page_id=472","title":{"rendered":"Informacje nieudost\u0119pnione w BIP ZOiGO \u201eMZO\u201d SA"},"content":{"rendered":"<p>Informacja publiczna , kt\u00f3ra nie zosta\u0142a udost\u0119pniona na podmiotowej stronie Biuletynu Informacji Publicznej jest udost\u0119pniana na zasadach okre\u015blonych w ustawie z dnia 6 wrze\u015bnia 2001r. o dost\u0119pie do informacji publicznej.<\/p>\n<p>&nbsp;<\/p>\n<p>Informacja publiczna, kt\u00f3ra nie zosta\u0142a udost\u0119pniona w Biuletynie Informacji Publicznej jest udost\u0119pniana na wniosek. Informacja , kt\u00f3ra mo\u017ce by\u0107 niezw\u0142ocznie udost\u0119pniona jest udost\u0119pniana w formie ustnej lub pisemnej bez pisemnego wniosku. Udost\u0119pnianie informacji publicznej na wniosek nast\u0119puje bez zb\u0119dnej zw\u0142oki, nie p\u00f3\u017aniej ni\u017c w terminie 14 dni od dnia z\u0142o\u017cenia wniosku. Je\u017celi informacja publiczna nie mo\u017ce by\u0107 udost\u0119pniona w ci\u0105gu tego okresu , ZOiGO \u201eMZO\u201d S.A. powiadamia wnioskodawc\u0119 o powodach op\u00f3\u017anienia oraz o terminie w jakim zostanie udost\u0119pniona informacja, nie d\u0142u\u017cszym jednak ni\u017c dwa miesi\u0105ce od dnia z\u0142o\u017cenia wniosku.<\/p>\n<p>&nbsp;<\/p>\n<p>Udost\u0119pnianie informacji publicznej na wniosek nast\u0119puje w spos\u00f3b i w formie zgodnej z wnioskiem, chyba \u017ce \u015brodki techniczne , kt\u00f3rymi dysponuje Sp\u00f3\u0142ka uniemo\u017cliwiaj\u0105 udost\u0119pnienie informacji w okre\u015blonym we wniosku w spos\u00f3b lub formie okre\u015blonych we wniosku.<br \/>\nJe\u017celi informacja publiczna nie mo\u017ce by\u0107 udost\u0119pniona w spos\u00f3b lub w formie okre\u015blonych we wniosku, ZOiGO \u201eMZO\u201d S.A. powiadomi pisemnie wnioskodawc\u0119 o przyczynach braku mo\u017cliwo\u015bci udost\u0119pnienia informacji zgodnie z wnioskiem i wskazuje w jaki spos\u00f3b lub w jakiej formie informacja mo\u017ce by\u0107 udost\u0119pniona niezw\u0142ocznie.<\/p>\n<p>&nbsp;<\/p>\n<p>W takim przypadku, je\u017celi w terminie 14 dni od powiadomienia wnioskodawca nie z\u0142o\u017cy wniosku o udost\u0119pnienie informacji w spos\u00f3b lub w formie wskazanej w powiadomieniu post\u0119powanie o udost\u0119pnienie informacji umarza si\u0119 .<\/p>\n<p>&nbsp;<\/p>\n<p>Je\u017celi w wyniku udost\u0119pnienia informacji publicznej na wniosek niezb\u0119dne b\u0119dzie poniesienie przez ZOiGO \u201eMZO\u201d S.A. dodatkowych koszt\u00f3w zwi\u0105zanych ze wskazanym we wniosku sposobem udost\u0119pnienia lub konieczno\u015bci\u0105 przekszta\u0142cenia informacji w form\u0119 wskazan\u0105 we wniosku. Sp\u00f3\u0142ka mo\u017ce pobra\u0107 od wnioskodawcy op\u0142at\u0119 w wysoko\u015bci odpowiadaj\u0105cej tym kosztom.<br \/>\nW tej sytuacji wnioskodawca w terminie 14 dni od dnia z\u0142o\u017cenia wniosku zostanie powiadomiony o wysoko\u015bci op\u0142aty. Udost\u0119pnienie informacji zgodnie z wnioskiem nast\u0119puje po up\u0142ywie 14 dni od dnia powiadomienia wnioskodawcy, chyba \u017ce wnioskodawca dokona w tym terminie zmiany wniosku w zakresie sposobu lub formy udost\u0119pnienia informacji albo wycofa wniosek.<\/p>\n","protected":false},"excerpt":{"rendered":"<p>Informacja publiczna , kt\u00f3ra nie zosta\u0142a udost\u0119pniona na podmiotowej stronie Biuletynu Informacji Publicznej jest udost\u0119pniana na zasadach okre\u015blonych w ustawie z dnia 6 wrze\u015bnia 2001r. o dost\u0119pie do informacji publicznej. &nbsp; Informacja publiczna, kt\u00f3ra nie zosta\u0142a udost\u0119pniona w Biuletynie Informacji Publicznej jest udost\u0119pniana na wniosek. Informacja , kt\u00f3ra mo\u017ce by\u0107 niezw\u0142ocznie udost\u0119pniona jest udost\u0119pniana w &hellip; <a href=\"https:\/\/bip.mzo.com.pl\/?page_id=472\" class=\"more-link\">Czytaj dalej <span class=\"screen-reader-text\">Informacje nieudost\u0119pnione w BIP ZOiGO \u201eMZO\u201d SA<\/span><\/a><\/p>\n","protected":false},"author":1,"featured_media":0,"parent":0,"menu_order":0,"comment_status":"closed","ping_status":"closed","template":"","meta":{"footnotes":""},"class_list":["post-472","page","type-page","status-publish","hentry"],"_links":{"self":[{"href":"https:\/\/bip.mzo.com.pl\/index.php?rest_route=\/wp\/v2\/pages\/472","targetHints":{"allow":["GET"]}}],"collection":[{"href":"https:\/\/bip.mzo.com.pl\/index.php?rest_route=\/wp\/v2\/pages"}],"about":[{"href":"https:\/\/bip.mzo.com.pl\/index.php?rest_route=\/wp\/v2\/types\/page"}],"author":[{"embeddable":true,"href":"https:\/\/bip.mzo.com.pl\/index.php?rest_route=\/wp\/v2\/users\/1"}],"replies":[{"embeddable":true,"href":"https:\/\/bip.mzo.com.pl\/index.php?rest_route=%2Fwp%2Fv2%2Fcomments&post=472"}],"version-history":[{"count":2,"href":"https:\/\/bip.mzo.com.pl\/index.php?rest_route=\/wp\/v2\/pages\/472\/revisions"}],"predecessor-version":[{"id":475,"href":"https:\/\/bip.mzo.com.pl\/index.php?rest_route=\/wp\/v2\/pages\/472\/revisions\/475"}],"wp:attachment":[{"href":"https:\/\/bip.mzo.com.pl\/index.php?rest_route=%2Fwp%2Fv2%2Fmedia&parent=472"}],"curies":[{"name":"wp","href":"https:\/\/api.w.org\/{rel}","templated":true}]}}