{"id":494,"date":"2014-04-15T23:50:17","date_gmt":"2014-04-15T21:50:17","guid":{"rendered":"http:\/\/bip.mzo.com.pl\/?page_id=494"},"modified":"2019-02-13T12:04:52","modified_gmt":"2019-02-13T11:04:52","slug":"zawieranie-umow","status":"publish","type":"page","link":"https:\/\/bip.mzo.com.pl\/?page_id=494","title":{"rendered":"Zawieranie um\u00f3w"},"content":{"rendered":"<p><u><strong>Us\u0142ugi ci\u0105g\u0142e dla Klient\u00f3w prowadz\u0105cych dzia\u0142alno\u015b\u0107 gospodarcz\u0105<\/strong><\/u><\/p>\n<p>Zak\u0142ad Oczyszczania i Gospodarki Odpadami &#8222;MZO&#8221; S.A. w Ostrowie Wielkopolskim jako &#8222;Odbiorca odpad\u00f3w&#8221; zawiera umowy z &#8222;Wytwarzaj\u0105cym odpady&#8221; w zakresie us\u0142ugi odbierania odpad\u00f3w o kodzie 200301, tj. niesegregowane (zmieszane) odpady komunalne.<\/p>\n<p>W celu rozpocz\u0119cia ci\u0105g\u0142ej wsp\u00f3\u0142pracy &#8222;Wytwarzaj\u0105cy odpady&#8221; zobowi\u0105zany jest wype\u0142ni\u0107 wniosek o zawarcie umowy na wykonanie us\u0142ugi odbierania odpad\u00f3w.<\/p>\n<p>Z chwil\u0105 podpisania umowy &#8222;Odbieraj\u0105cy odpady&#8221; zobowi\u0105zuje si\u0119 do:<\/p>\n<ol>\n<li>dostarczenia pojemnik\u00f3w b\u0119d\u0105cych jego w\u0142asno\u015bci\u0105 wg ilo\u015bci i rodzaj\u00f3w okre\u015blonych w harmonogramie ;<\/li>\n<li>naprawy i wymiany pojemnik\u00f3w na sw\u00f3j koszt, gdy zu\u017cycie ich nast\u0105pi\u0142o w wyniku normalnej eksploatacji lub z winy &#8222;Odbiorcy odpad\u00f3w&#8221;;<\/li>\n<li>zapewnienia w ci\u0105g\u0142ej sprzeda\u017cy oznaczonych znakiem firmowym work\u00f3w na odpady s\u0142u\u017c\u0105cych do gromadzenia nadmiaru odpad\u00f3w nie mieszcz\u0105cych si\u0119 w pojemnikach;<\/li>\n<li>usuwania odpad\u00f3w z nieruchomo\u015bci z cz\u0119stotliwo\u015bci\u0105 okre\u015blon\u0105 w harmonogramie z uwzgl\u0119dnieniem zmian spowodowanych dniami ustawowo wolnymi od pracy;<\/li>\n<\/ol>\n<p>Reklamacje dotycz\u0105ce niewykonania us\u0142ugi, nieterminowego b\u0105d\u017a nierzetelnego wykonania us\u0142ugi prosimy zg\u0142asza\u0107 &#8222;Odbiorcy odpad\u00f3w&#8221; nie p\u00f3\u017aniej ni\u017c w ci\u0105gu dw\u00f3ch dni od ustalonej daty wykonania us\u0142ugi.<\/p>\n<p>Wszelkie zmiany do zawartej umowy wprowadzane s\u0105 aneksem po wcze\u015bniejszym zg\u0142aszaniu pisemnym.<\/p>\n<p>&nbsp;<\/p>\n<p><a href=\"https:\/\/bip.mzo.com.pl\/wp-content\/uploads\/2019\/02\/obowiazek_informacyjny-Umowy.pdf\"><img loading=\"lazy\" decoding=\"async\" class=\"alignnone size-full wp-image-214\" src=\"https:\/\/bip.mzo.com.pl\/wp-content\/uploads\/2018\/08\/ipdfm.jpg\" alt=\"\" width=\"25\" height=\"25\" \/><\/a>\u00a0 <a href=\"https:\/\/bip.mzo.com.pl\/wp-content\/uploads\/2019\/02\/obowiazek_informacyjny-Umowy.pdf\">Obowi\u0105zek informacyjny dla klienta w celu realizacji umowy<\/a><\/p>\n","protected":false},"excerpt":{"rendered":"<p>Us\u0142ugi ci\u0105g\u0142e dla Klient\u00f3w prowadz\u0105cych dzia\u0142alno\u015b\u0107 gospodarcz\u0105 Zak\u0142ad Oczyszczania i Gospodarki Odpadami &#8222;MZO&#8221; S.A. w Ostrowie Wielkopolskim jako &#8222;Odbiorca odpad\u00f3w&#8221; zawiera umowy z &#8222;Wytwarzaj\u0105cym odpady&#8221; w zakresie us\u0142ugi odbierania odpad\u00f3w o kodzie 200301, tj. niesegregowane (zmieszane) odpady komunalne. W celu rozpocz\u0119cia ci\u0105g\u0142ej wsp\u00f3\u0142pracy &#8222;Wytwarzaj\u0105cy odpady&#8221; zobowi\u0105zany jest wype\u0142ni\u0107 wniosek o zawarcie umowy na wykonanie us\u0142ugi &hellip; <a href=\"https:\/\/bip.mzo.com.pl\/?page_id=494\" class=\"more-link\">Czytaj dalej <span class=\"screen-reader-text\">Zawieranie um\u00f3w<\/span><\/a><\/p>\n","protected":false},"author":1,"featured_media":0,"parent":486,"menu_order":0,"comment_status":"closed","ping_status":"closed","template":"","meta":{"footnotes":""},"class_list":["post-494","page","type-page","status-publish","hentry"],"_links":{"self":[{"href":"https:\/\/bip.mzo.com.pl\/index.php?rest_route=\/wp\/v2\/pages\/494","targetHints":{"allow":["GET"]}}],"collection":[{"href":"https:\/\/bip.mzo.com.pl\/index.php?rest_route=\/wp\/v2\/pages"}],"about":[{"href":"https:\/\/bip.mzo.com.pl\/index.php?rest_route=\/wp\/v2\/types\/page"}],"author":[{"embeddable":true,"href":"https:\/\/bip.mzo.com.pl\/index.php?rest_route=\/wp\/v2\/users\/1"}],"replies":[{"embeddable":true,"href":"https:\/\/bip.mzo.com.pl\/index.php?rest_route=%2Fwp%2Fv2%2Fcomments&post=494"}],"version-history":[{"count":4,"href":"https:\/\/bip.mzo.com.pl\/index.php?rest_route=\/wp\/v2\/pages\/494\/revisions"}],"predecessor-version":[{"id":542,"href":"https:\/\/bip.mzo.com.pl\/index.php?rest_route=\/wp\/v2\/pages\/494\/revisions\/542"}],"up":[{"embeddable":true,"href":"https:\/\/bip.mzo.com.pl\/index.php?rest_route=\/wp\/v2\/pages\/486"}],"wp:attachment":[{"href":"https:\/\/bip.mzo.com.pl\/index.php?rest_route=%2Fwp%2Fv2%2Fmedia&parent=494"}],"curies":[{"name":"wp","href":"https:\/\/api.w.org\/{rel}","templated":true}]}}