{"id":498,"date":"2011-11-29T00:01:21","date_gmt":"2011-11-28T23:01:21","guid":{"rendered":"http:\/\/bip.mzo.com.pl\/?page_id=498"},"modified":"2019-02-19T10:12:58","modified_gmt":"2019-02-19T09:12:58","slug":"oferty-sprzedazy","status":"publish","type":"page","link":"https:\/\/bip.mzo.com.pl\/?page_id=498","title":{"rendered":"Oferty sprzeda\u017cy"},"content":{"rendered":"<p>Polecamy sprzeda\u017c zbelowanych odpad\u00f3w z papieru. Sprzedajemy tak\u017ce odpady surowcowe ze szk\u0142a i tworzyw.<\/p>\n<p>&nbsp;<\/p>\n<p>Podejmujemy wsp\u00f3\u0142prac\u0119 z ka\u017cdym podmiotem gospodarczym, kt\u00f3ry oferuje wsp\u00f3\u0142prac\u0119 d\u0142ugoterminow\u0105 i partnersk\u0105 .<\/p>\n<p>&nbsp;<\/p>\n<p>W sprawie skupu i sprzeda\u017cy odpad\u00f3w surowcowych mo\u017cna kontaktowa\u0107 si\u0119 poprzez:<\/p>\n<p>fax: 62 735 35 63<br \/>\ntel:\u00a0 62 735 35 63<br \/>\n<a href=\"mailto:mzo@mzo.com.pl\">e-mail mzo@mzo.com.pl\u00a0<\/a><\/p>\n","protected":false},"excerpt":{"rendered":"<p>Polecamy sprzeda\u017c zbelowanych odpad\u00f3w z papieru. Sprzedajemy tak\u017ce odpady surowcowe ze szk\u0142a i tworzyw. &nbsp; Podejmujemy wsp\u00f3\u0142prac\u0119 z ka\u017cdym podmiotem gospodarczym, kt\u00f3ry oferuje wsp\u00f3\u0142prac\u0119 d\u0142ugoterminow\u0105 i partnersk\u0105 . &nbsp; W sprawie skupu i sprzeda\u017cy odpad\u00f3w surowcowych mo\u017cna kontaktowa\u0107 si\u0119 poprzez: fax: 62 735 35 63 tel:\u00a0 62 735 35 63 e-mail mzo@mzo.com.pl\u00a0<\/p>\n","protected":false},"author":1,"featured_media":0,"parent":486,"menu_order":0,"comment_status":"closed","ping_status":"closed","template":"","meta":{"footnotes":""},"class_list":["post-498","page","type-page","status-publish","hentry"],"_links":{"self":[{"href":"https:\/\/bip.mzo.com.pl\/index.php?rest_route=\/wp\/v2\/pages\/498","targetHints":{"allow":["GET"]}}],"collection":[{"href":"https:\/\/bip.mzo.com.pl\/index.php?rest_route=\/wp\/v2\/pages"}],"about":[{"href":"https:\/\/bip.mzo.com.pl\/index.php?rest_route=\/wp\/v2\/types\/page"}],"author":[{"embeddable":true,"href":"https:\/\/bip.mzo.com.pl\/index.php?rest_route=\/wp\/v2\/users\/1"}],"replies":[{"embeddable":true,"href":"https:\/\/bip.mzo.com.pl\/index.php?rest_route=%2Fwp%2Fv2%2Fcomments&post=498"}],"version-history":[{"count":5,"href":"https:\/\/bip.mzo.com.pl\/index.php?rest_route=\/wp\/v2\/pages\/498\/revisions"}],"predecessor-version":[{"id":545,"href":"https:\/\/bip.mzo.com.pl\/index.php?rest_route=\/wp\/v2\/pages\/498\/revisions\/545"}],"up":[{"embeddable":true,"href":"https:\/\/bip.mzo.com.pl\/index.php?rest_route=\/wp\/v2\/pages\/486"}],"wp:attachment":[{"href":"https:\/\/bip.mzo.com.pl\/index.php?rest_route=%2Fwp%2Fv2%2Fmedia&parent=498"}],"curies":[{"name":"wp","href":"https:\/\/api.w.org\/{rel}","templated":true}]}}