{"id":513,"date":"2010-05-11T13:25:48","date_gmt":"2010-05-11T11:25:48","guid":{"rendered":"http:\/\/bip.mzo.com.pl\/?page_id=513"},"modified":"2019-02-11T13:35:09","modified_gmt":"2019-02-11T12:35:09","slug":"struktura-wlasnosciowa-spolki","status":"publish","type":"page","link":"https:\/\/bip.mzo.com.pl\/?page_id=513","title":{"rendered":"Struktura w\u0142asno\u015bciowa Sp\u00f3\u0142ki"},"content":{"rendered":"<p>W\u0142a\u015bcicielem 100 % akcji jest Centum Rozwoju Komunalnego S.A. w Ostrowie Wielkopolskim<\/p>\n<p>&nbsp;<\/p>\n<p>&#8211; 553 180,00 (pi\u0119\u0107set pi\u0119\u0107dziesi\u0105t trzy tysi\u0105ce sto osiemdziesi\u0105t z\u0142otych, zero groszy) s\u0105 akcjami imiennymi Serii A<\/p>\n<p>&#8211; 3 085,00 (trzy tysi\u0105ce osiemdziesi\u0105t pi\u0119\u0107 z\u0142otych, zero groszy) s\u0105 akcjami imiennymi Serii B<\/p>\n","protected":false},"excerpt":{"rendered":"<p>W\u0142a\u015bcicielem 100 % akcji jest Centum Rozwoju Komunalnego S.A. w Ostrowie Wielkopolskim &nbsp; &#8211; 553 180,00 (pi\u0119\u0107set pi\u0119\u0107dziesi\u0105t trzy tysi\u0105ce sto osiemdziesi\u0105t z\u0142otych, zero groszy) s\u0105 akcjami imiennymi Serii A &#8211; 3 085,00 (trzy tysi\u0105ce osiemdziesi\u0105t pi\u0119\u0107 z\u0142otych, zero groszy) s\u0105 akcjami imiennymi Serii B<\/p>\n","protected":false},"author":1,"featured_media":0,"parent":17,"menu_order":0,"comment_status":"closed","ping_status":"closed","template":"","meta":{"footnotes":""},"class_list":["post-513","page","type-page","status-publish","hentry"],"_links":{"self":[{"href":"https:\/\/bip.mzo.com.pl\/index.php?rest_route=\/wp\/v2\/pages\/513","targetHints":{"allow":["GET"]}}],"collection":[{"href":"https:\/\/bip.mzo.com.pl\/index.php?rest_route=\/wp\/v2\/pages"}],"about":[{"href":"https:\/\/bip.mzo.com.pl\/index.php?rest_route=\/wp\/v2\/types\/page"}],"author":[{"embeddable":true,"href":"https:\/\/bip.mzo.com.pl\/index.php?rest_route=\/wp\/v2\/users\/1"}],"replies":[{"embeddable":true,"href":"https:\/\/bip.mzo.com.pl\/index.php?rest_route=%2Fwp%2Fv2%2Fcomments&post=513"}],"version-history":[{"count":2,"href":"https:\/\/bip.mzo.com.pl\/index.php?rest_route=\/wp\/v2\/pages\/513\/revisions"}],"predecessor-version":[{"id":516,"href":"https:\/\/bip.mzo.com.pl\/index.php?rest_route=\/wp\/v2\/pages\/513\/revisions\/516"}],"up":[{"embeddable":true,"href":"https:\/\/bip.mzo.com.pl\/index.php?rest_route=\/wp\/v2\/pages\/17"}],"wp:attachment":[{"href":"https:\/\/bip.mzo.com.pl\/index.php?rest_route=%2Fwp%2Fv2%2Fmedia&parent=513"}],"curies":[{"name":"wp","href":"https:\/\/api.w.org\/{rel}","templated":true}]}}