{"id":633,"date":"2025-03-27T10:44:04","date_gmt":"2025-03-27T09:44:04","guid":{"rendered":"https:\/\/bip.mzo.com.pl\/?page_id=633"},"modified":"2025-03-27T10:44:04","modified_gmt":"2025-03-27T09:44:04","slug":"deklaracja-dostepnosci-2","status":"publish","type":"page","link":"https:\/\/bip.mzo.com.pl\/?page_id=633","title":{"rendered":"DEKLARACJA DOST\u0118PNO\u015aCI"},"content":{"rendered":"<p><a href=\"https:\/\/bip.mzo.com.pl\/wp-content\/uploads\/2021\/03\/raportMZO.pdf\"><img loading=\"lazy\" decoding=\"async\" class=\"alignnone size-full wp-image-214\" src=\"https:\/\/bip.mzo.com.pl\/wp-content\/uploads\/2018\/08\/ipdfm.jpg\" alt=\"\" width=\"25\" height=\"25\" \/><\/a>\u00a0 <a href=\"https:\/\/bip.mzo.com.pl\/wp-content\/uploads\/2025\/02\/wydruk.pdf\">Raport o stanie zapewniania dost\u0119pno\u015bci MZO SA<\/a><\/p>\n\n\n\n\n\t<div class=\"wp-block-wafelmedia-deklaracja-dostepnosci is-layout-flow wp-block-wafelmedia-deklaracja-dostepnosci-is-layout-flow\">\n                    <h1>Deklaracja dost\u0119pno\u015bci<\/h1>\n        \n        <section id=\"a11y-wstep\">\n            <h2 class=\"screen-reader-text\">Przygotowanie deklaracji dost\u0119pno\u015bci<\/h2>\n            <p><span id=\"a11y-podmiot\"><strong>ZAK\u0141AD OCZYSZCZANIA I GOSPODARKI ODPADAMI &quot;MZO&quot; S.A.<\/strong><\/span> zobowi\u0105zuje si\u0119 zapewni\u0107 dost\u0119pno\u015b\u0107 swojej <span id=\"a11y-zakres\"><strong>strony internetowej<\/strong><\/span> zgodnie z przepisami ustawy z dnia 4&nbsp;kwietnia 2019&nbsp;r. o&nbsp;dost\u0119pno\u015bci cyfrowej stron internetowych i&nbsp;aplikacji mobilnych podmiot\u00f3w publicznych.<\/p>\n            <p>Deklaracja dost\u0119pno\u015bci dotyczy strony internetowej <a id=\"a11y-url\" href=\"http:\/\/Staroprzygodzka%20138\">WWW.MZO.COM.PL<\/a>.<\/p>\n        <\/section>\n\n        <ul>\n            <li>Data publikacji strony internetowej: <time id=\"a11y-data-publikacja\" datetime=\"2025-03-24\">24 marca 2025 r.<\/time><\/li>\n            <li>Data ostatniej istotnej aktualizacji: <time id=\"a11y-data-aktualizacja\" datetime=\"2025-03-26\">26 marca 2025 r.<\/time><\/li>\n        <\/ul>\n\n        <h2>Stan dost\u0119pno\u015bci cyfrowej<\/h2>\n        <p id=\"a11y-status\">Ta strona internetowa jest <strong>w pe\u0142ni zgodna<\/strong> z za\u0142\u0105cznikiem do ustawy o dost\u0119pno\u015bci cyfrowej z dnia 4 kwietnia 2019 r. o dost\u0119pno\u015bci cyfrowej stron internetowych i aplikacji mobilnych podmiot\u00f3w publicznych.<\/p>\n\n        \n        <h3>Przygotowanie deklaracji dost\u0119pno\u015bci i jej aktualizacja<\/h3>\n        <ul>\n            <li>Data sporz\u0105dzenia deklaracji: <time id=\"a11y-data-sporzadzenie\" datetime=\"2025-03-24\">24 marca 2025 r.<\/time><\/li>\n            <li>Data ostatniego przegl\u0105du deklaracji: <time id=\"a11y-data-przeglad\" datetime=\"2025-03-26\">26 marca 2025 r.<\/time><\/li>\n        <\/ul>\n\n        \n        \n        \n        \n            \n            \n        \n        <h2>Informacje zwrotne i dane kontaktowe<\/h2>\n        <p>Wszystkie problemy z dost\u0119pno\u015bci\u0105 cyfrow\u0105 tej strony internetowej mo\u017cesz zg\u0142osi\u0107 do <strong><span id=\"a11y-kontakt\">KATARZYNA KO\u0141ODZIEJSKA<\/span>, <\/strong>mejlowo <span id=\"a11y-email\"><a href=\"mailto:KKOLODZIEJSKA@MZO.COM.PL\">KKOLODZIEJSKA@MZO.COM.PL<\/a><\/span> lub telefonicznie <a href=\"tel:+665420900\" id=\"a11y-telefon\">665420900<\/a><\/strong><\/p>\n        <p>Ka\u017cdy ma prawo wyst\u0105pi\u0107 z \u017c\u0105daniem zapewnienia dost\u0119pno\u015bci cyfrowej tej strony internetowej lub jej element\u00f3w.<\/p>\n        <p>Zg\u0142aszaj\u0105c takie \u017c\u0105danie podaj:<\/p>\n        <ul>\n            <li>swoje imi\u0119 i nazwisko,<\/li>\n            <li>swoje dane kontaktowe (np. numer telefonu, e-mail),<\/li>\n            <li>dok\u0142adny adres strony internetowej, na kt\u00f3rej jest niedost\u0119pny cyfrowo element lub tre\u015b\u0107,<\/li>\n            <li>opis na czym polega problem i jaki spos\u00f3b jego rozwi\u0105zania by\u0142by dla Ciebie najwygodniejszy.<\/li>\n        <\/ul>\n        <p>Na Twoje zg\u0142oszenie odpowiemy najszybciej jak to mo\u017cliwe, nie p\u00f3\u017aniej ni\u017c w ci\u0105gu 7 dni od jego otrzymania.<\/p>\n        <p>Je\u017celi ten termin b\u0119dzie dla nas zbyt kr\u00f3tki poinformujemy Ci\u0119 o tym. W tej informacji podamy nowy termin, do kt\u00f3rego poprawimy zg\u0142oszone przez Ciebie b\u0142\u0119dy lub przygotujemy informacje w alternatywny spos\u00f3b. Ten nowy termin nie b\u0119dzie d\u0142u\u017cszy ni\u017c 2 miesi\u0105ce.<\/p>\n        <p>Je\u017celi nie b\u0119dziemy w stanie zapewni\u0107 dost\u0119pno\u015bci cyfrowej strony internetowej lub tre\u015bci, wskazanej w Twoim \u017c\u0105daniu, zaproponujemy Ci dost\u0119p do nich w alternatywny spos\u00f3b.<\/p>\n\n        <section id=\"a11y-procedura\">\n            <h3>Obs\u0142uga wniosk\u00f3w i skarg zwi\u0105zanych z dost\u0119pno\u015bci\u0105<\/h3>\n            <p>Je\u017celi w odpowiedzi na Tw\u00f3j wniosek o zapewnienie dost\u0119pno\u015bci cyfrowej, odm\u00f3wimy zapewnienia \u017c\u0105danej przez Ciebie dost\u0119pno\u015bci cyfrowej, a Ty nie zgadzasz si\u0119 z t\u0105 odmow\u0105, masz prawo z\u0142o\u017cy\u0107 skarg\u0119.<\/p>\n            <p>Skarg\u0119 masz prawo z\u0142o\u017cy\u0107 tak\u017ce, je\u015bli nie zgadzasz si\u0119 na skorzystanie z alternatywnego sposobu dost\u0119pu, kt\u00f3ry zaproponowali\u015bmy Ci w odpowiedzi na Tw\u00f3j wniosek o zapewnienie dost\u0119pno\u015bci cyfrowej.<\/p>\n            <p>Ewentualn\u0105 skarg\u0119 z\u0142\u00f3\u017c listownie lub mailem do kierownictwa naszego urz\u0119du:<\/p>\n                            <ul>\n                    <li>Katarzyna Ko\u0142odziejska &#8211; ZAK\u0141AD OCZYSZCZANIA I GOSPODARKI ODPADAMI &quot;MZO&quot; S.A.<\/li>                    <li>Adres: Staroprzygodzka 138,<\/li>                     <li>telefon: <a href=\"tel:+627338130\">62 7338130<\/a><\/strong><\/li>                     <li>mejl: <a href=\"mailto:mzo@mzo.com.pl\"> mzo@mzo.com.pl<\/a>.<\/li>                <\/ul>\n            \n            <p><a href=\"https:\/\/www.gov.pl\/web\/gov\/zloz-wniosek-o-zapewnienie-dostepnosci-cyfrowej-strony-internetowej-lub-aplikacji-mobilnej\">Pomocne mog\u0105 by\u0107 informacje, kt\u00f3re mo\u017cna znale\u017a\u0107 na rz\u0105dowym portalu gov.pl<\/a>.<\/p>\n\n            <p>Mo\u017cesz tak\u017ce poinformowa\u0107 o tej sytuacji <a href=\"https:\/\/bip.brpo.gov.pl\/\"> Rzecznika Praw Obywatelskich<\/a> i poprosi\u0107 o interwencj\u0119 w Twojej sprawie.<\/p>\n        <\/section>\n\n\n                <h2>Pozosta\u0142e informacje<\/h2>\n        \n                <section id=\"a11y-architektura\">\n            <h3>Dost\u0119pno\u015b\u0107 architektoniczna<\/h3>\n\n            \n                                <div class=\"group\">\n                                                    <h4>Staroprzygodzka 138<\/h4>\n                        \n                                                    <p>1. Budynek PSZOK I  ul. Staroprzygodzka 121 Ostr\u00f3w Wielkopolski  &#8211; parter bez przeszk\u00f3d architektonicznych<\/p><p>2. Budynek PSZOK II ul. Batorego 35 Ostr\u00f3w Wielkopolski &#8211; parter bez przeszk\u00f3d architektonicznych<\/p><p>3. Budynek siedziby Sp\u00f3\u0142ki ul. Staroprzygodzka 138 Ostr\u00f3w Wielkopolski &#8211; parter bez przeszk\u00f3d architektonicznych i pierwsze pi\u0119tro cz\u0119\u015bciowy dost\u0119p dla os\u00f3b ze szczeg\u00f3lnymi potrzebami &#8211; schody brak windy.<\/p>                        \n                                            <\/div>\n                            <\/section>\n        \n                    <section id=\"a11y-aplikacje\">\n                <h3>Aplikacje mobilne<\/h3>\n                <ul><li>adres email: mzo@mzo.com.pl<\/li><li>strona: <a href=\"https:\/\/mzo.com.pl\/\">https:\/\/mzo.com.pl\/<\/a><\/li><li>emzoludek: www.facebook.cm\/search\/top?q=emzoludek<\/li><\/ul>            <\/section>\n        \n                    <section id=\"a11y-komunikacja\">\n                <h3>Dost\u0119pno\u015b\u0107 komunikacyjno-informacyjna<\/h3>\n                <p>Na stronie internetowej sp\u00f3\u0142ka posiada adresy email do kontaktu z klientami &#8211; czyli za pomoc\u0105 poczty elektronicznej.<\/p><p>Sp\u00f3\u0142ka umo\u017cliwia r\u00f3wnie\u017c wysy\u0142anie wiadomo\u015bci drog\u0105 fax pod nr 62 733-81-49<\/p>            <\/section>\n        \n        <div class=\"copyright\"><a href=\"https:\/\/wafelmedia.pl\/wordpress\/deklaracja-dostepnosci-dla-wordpress\/\" title=\"Pobierz Deklaracj\u0119 Dost\u0119pno\u015bci dla WordPress\" style=\"text-decoration: none;\" data-version=\"1.15.0\" >Deklaracja Dost\u0119pno\u015bci dla WordPress<\/a><\/div>\n\n    <\/div>\n\n    ","protected":false},"excerpt":{"rendered":"<p>\u00a0 Raport o stanie zapewniania dost\u0119pno\u015bci MZO SA<\/p>\n","protected":false},"author":1,"featured_media":0,"parent":0,"menu_order":0,"comment_status":"closed","ping_status":"closed","template":"","meta":{"footnotes":""},"class_list":["post-633","page","type-page","status-publish","hentry"],"_links":{"self":[{"href":"https:\/\/bip.mzo.com.pl\/index.php?rest_route=\/wp\/v2\/pages\/633","targetHints":{"allow":["GET"]}}],"collection":[{"href":"https:\/\/bip.mzo.com.pl\/index.php?rest_route=\/wp\/v2\/pages"}],"about":[{"href":"https:\/\/bip.mzo.com.pl\/index.php?rest_route=\/wp\/v2\/types\/page"}],"author":[{"embeddable":true,"href":"https:\/\/bip.mzo.com.pl\/index.php?rest_route=\/wp\/v2\/users\/1"}],"replies":[{"embeddable":true,"href":"https:\/\/bip.mzo.com.pl\/index.php?rest_route=%2Fwp%2Fv2%2Fcomments&post=633"}],"version-history":[{"count":2,"href":"https:\/\/bip.mzo.com.pl\/index.php?rest_route=\/wp\/v2\/pages\/633\/revisions"}],"predecessor-version":[{"id":637,"href":"https:\/\/bip.mzo.com.pl\/index.php?rest_route=\/wp\/v2\/pages\/633\/revisions\/637"}],"wp:attachment":[{"href":"https:\/\/bip.mzo.com.pl\/index.php?rest_route=%2Fwp%2Fv2%2Fmedia&parent=633"}],"curies":[{"name":"wp","href":"https:\/\/api.w.org\/{rel}","templated":true}]}}